{"id":1387,"date":"2024-06-16T15:47:10","date_gmt":"2024-06-16T15:47:10","guid":{"rendered":"https:\/\/dojodokenkai.com\/?page_id=1387"},"modified":"2024-06-22T13:47:51","modified_gmt":"2024-06-22T13:47:51","slug":"honneur","status":"publish","type":"page","link":"https:\/\/dojodokenkai.com\/?page_id=1387","title":{"rendered":"Tableau dhonneur"},"content":{"rendered":"<p>[et_pb_section fb_built=&#8221;1&#8243; _builder_version=&#8221;4.25.2&#8243; _module_preset=&#8221;default&#8221; max_height=&#8221;0px&#8221; custom_margin=&#8221;0px||-10px&#8221; custom_padding=&#8221;0px||0px|||&#8221; link_option_url=&#8221;#merci&#8221; da_disable_devices=&#8221;off|off|off&#8221; global_colors_info=&#8221;{}&#8221; da_is_popup=&#8221;off&#8221; da_exit_intent=&#8221;off&#8221; da_has_close=&#8221;on&#8221; da_alt_close=&#8221;off&#8221; da_dark_close=&#8221;off&#8221; da_not_modal=&#8221;on&#8221; da_is_singular=&#8221;off&#8221; da_with_loader=&#8221;off&#8221; da_has_shadow=&#8221;on&#8221;][\/et_pb_section][et_pb_section fb_built=&#8221;1&#8243; fullwidth=&#8221;on&#8221; _builder_version=&#8221;4.16&#8243; background_enable_color=&#8221;off&#8221; background_color_gradient_direction=&#8221;150deg&#8221; background_enable_image=&#8221;off&#8221; background_blend=&#8221;multiply&#8221; custom_margin=&#8221;10px||||false|false&#8221; da_disable_devices=&#8221;off|off|off&#8221; border_width_top=&#8221;3px&#8221; border_color_top=&#8221;#ffffff&#8221; box_shadow_style=&#8221;preset6&#8243; saved_tabs=&#8221;all&#8221; locked=&#8221;off&#8221; global_colors_info=&#8221;{}&#8221; da_is_popup=&#8221;off&#8221; da_exit_intent=&#8221;off&#8221; da_has_close=&#8221;on&#8221; da_alt_close=&#8221;off&#8221; da_dark_close=&#8221;off&#8221; da_not_modal=&#8221;on&#8221; da_is_singular=&#8221;off&#8221; da_with_loader=&#8221;off&#8221; da_has_shadow=&#8221;on&#8221;][et_pb_fullwidth_slider _builder_version=&#8221;4.25.2&#8243; header_font=&#8221;|700|||||||&#8221; header_font_size=&#8221;70px&#8221; header_letter_spacing=&#8221;3px&#8221; body_font=&#8221;|||on|||||&#8221; body_letter_spacing=&#8221;5px&#8221; custom_button=&#8221;on&#8221; button_border_width=&#8221;1px&#8221; button_border_radius=&#8221;0px&#8221; content_width=&#8221;100%&#8221; max_height=&#8221;500px&#8221; custom_margin=&#8221;|-4.9%||-4.9%|false|true&#8221; custom_padding=&#8221;120px||120px||true|true&#8221; auto=&#8221;on&#8221; auto_speed=&#8221;6000&#8243; auto_ignore_hover=&#8221;on&#8221; header_text_shadow_style=&#8221;preset3&#8243; header_text_shadow_color=&#8221;#000000&#8243; body_text_shadow_style=&#8221;preset3&#8243; body_text_shadow_color=&#8221;#000000&#8243; global_colors_info=&#8221;{}&#8221; button_bg_color__hover_enabled=&#8221;on|hover&#8221; button_bg_use_color_gradient__hover=&#8221;on&#8221; button_bg_color_gradient_start__hover=&#8221;#ffffff&#8221; button_bg_color_gradient_end__hover=&#8221;rgba(0,0,0,0)&#8221; button_bg_color_gradient_direction__hover=&#8221;330deg&#8221; button_bg_color_gradient_start_position__hover=&#8221;10%&#8221; button_bg_color_gradient_end_position__hover=&#8221;0%&#8221; button_bg_color_gradient_stops__hover=&#8221;#ffffff 10%|rgba(0,0,0,0) 10%&#8221;][et_pb_slide heading=&#8221;Sport-\u00c9tudes&#8221; button_text=&#8221;Venez nous rencontrer !&#8221; button_link=&#8221;#contact&#8221; image=&#8221;https:\/\/dojodokenkai.com\/wp-content\/uploads\/2019\/09\/SE-DokenKai-1.png&#8221; _builder_version=&#8221;4.16&#8243; header_font=&#8221;|700|||||||&#8221; body_font=&#8221;|||on|||||&#8221; body_letter_spacing=&#8221;4px&#8221; background_color=&#8221;rgba(0,0,0,0)&#8221; background_enable_color=&#8221;on&#8221; use_background_color_gradient=&#8221;on&#8221; background_color_gradient_direction=&#8221;150deg&#8221; background_color_gradient_stops=&#8221;#a87e00 70%|rgba(0,0,0,0.9) 70%&#8221; background_color_gradient_overlays_image=&#8221;on&#8221; background_color_gradient_start=&#8221;#a87e00&#8243; background_color_gradient_start_position=&#8221;70%&#8221; background_color_gradient_end=&#8221;rgba(0,0,0,0.9)&#8221; background_color_gradient_end_position=&#8221;0%&#8221; background_image=&#8221;https:\/\/dojodokenkai.com\/wp-content\/uploads\/2019\/09\/MQT-DojoDDK-2224.jpg&#8221; background_enable_image=&#8221;on&#8221; background_blend=&#8221;multiply&#8221; global_colors_info=&#8221;{}&#8221; image__hover_enabled=&#8221;on|desktop&#8221; button_bg_color__hover_enabled=&#8221;on|hover&#8221; button_bg_use_color_gradient__hover=&#8221;on&#8221; button_bg_color_gradient_start__hover=&#8221;#ffffff&#8221; button_bg_color_gradient_end__hover=&#8221;rgba(0,0,0,0)&#8221; button_bg_color_gradient_direction__hover=&#8221;210deg&#8221; button_bg_color_gradient_start_position__hover=&#8221;10%&#8221; button_bg_color_gradient_end_position__hover=&#8221;0%&#8221; button_bg_color_gradient_stops__hover=&#8221;#ffffff 10%|rgba(0,0,0,0) 10%&#8221; image__hover=&#8221;https:\/\/dojodokenkai.com\/wp-content\/uploads\/2019\/09\/SE-DokenKai-1.png&#8221; sticky_transition=&#8221;on&#8221;]<\/p>\n<p>Le karat\u00e9 au plus haut niveau<\/p>\n<p>[\/et_pb_slide][et_pb_slide heading=&#8221;Offert dans plusieurs \u00e9coles sur la rive sud !&#8221; button_text=&#8221;Venez nous rencontrer !&#8221; button_link=&#8221;#contact&#8221; use_bg_overlay=&#8221;off&#8221; use_text_overlay=&#8221;off&#8221; _builder_version=&#8221;4.16&#8243; background_color=&#8221;rgba(0,0,0,0)&#8221; background_enable_color=&#8221;on&#8221; use_background_color_gradient=&#8221;on&#8221; background_color_gradient_direction=&#8221;150deg&#8221; background_color_gradient_stops=&#8221;#a87e00 70%|rgba(0,0,0,0.9) 70%&#8221; background_color_gradient_start=&#8221;#a87e00&#8243; background_color_gradient_start_position=&#8221;70%&#8221; background_color_gradient_end=&#8221;rgba(0,0,0,0.9)&#8221; background_color_gradient_end_position=&#8221;0%&#8221; background_image=&#8221;https:\/\/dojodokenkai.com\/wp-content\/uploads\/2019\/09\/MQT-DojoDDK-2221.jpg&#8221; background_enable_image=&#8221;on&#8221; background_blend=&#8221;multiply&#8221; custom_padding=&#8221;||||false|false&#8221; global_colors_info=&#8221;{}&#8221; image__hover_enabled=&#8221;off|desktop&#8221; sticky_transition=&#8221;on&#8221;]<\/p>\n<p>Le Shotokan est un style de karat\u00e9 traditionnel reconnu mondialement, qui fait parti des quatre styles officiel Olympique.<\/p>\n<p>[\/et_pb_slide][et_pb_slide heading=&#8221;15 heures par semaine&#8221; button_text=&#8221;Venez nous rencontrer !&#8221; button_link=&#8221;#contact&#8221; use_bg_overlay=&#8221;off&#8221; use_text_overlay=&#8221;off&#8221; _builder_version=&#8221;4.16&#8243; background_color=&#8221;rgba(0,0,0,0)&#8221; background_enable_color=&#8221;on&#8221; use_background_color_gradient=&#8221;on&#8221; background_color_gradient_direction=&#8221;150deg&#8221; background_color_gradient_stops=&#8221;#a87e00 70%|rgba(0,0,0,0.9) 70%&#8221; background_color_gradient_start=&#8221;#a87e00&#8243; background_color_gradient_start_position=&#8221;70%&#8221; background_color_gradient_end=&#8221;rgba(0,0,0,0.9)&#8221; background_color_gradient_end_position=&#8221;0%&#8221; background_image=&#8221;https:\/\/dojodokenkai.com\/wp-content\/uploads\/2019\/04\/SE-2.jpg&#8221; background_enable_image=&#8221;on&#8221; background_position=&#8221;center_left&#8221; background_blend=&#8221;multiply&#8221; custom_padding=&#8221;||||false|false&#8221; global_colors_info=&#8221;{}&#8221; image__hover_enabled=&#8221;off|desktop&#8221; sticky_transition=&#8221;on&#8221;]<\/p>\n<p>Kata et kumite; Style reconnu par la WKF<\/p>\n<p>[\/et_pb_slide][\/et_pb_fullwidth_slider][et_pb_fullwidth_image src=&#8221;https:\/\/dojodokenkai.com\/wp-content\/uploads\/2019\/09\/ShotokanDDK-1ligne.png&#8221; _builder_version=&#8221;4.16&#8243; background_color=&#8221;#ffffff&#8221; width=&#8221;100%&#8221; module_alignment=&#8221;center&#8221; custom_padding=&#8221;22px|28%|22px|28%|true|true&#8221; custom_padding_tablet=&#8221;|10%||10%|true|true&#8221; custom_padding_phone=&#8221;&#8221; custom_padding_last_edited=&#8221;on|phone&#8221; box_shadow_style=&#8221;preset1&#8243; box_shadow_color=&#8221;#000000&#8243; global_colors_info=&#8221;{}&#8221;][\/et_pb_fullwidth_image][\/et_pb_section][et_pb_section fb_built=&#8221;1&#8243; _builder_version=&#8221;4.25.2&#8243; _module_preset=&#8221;default&#8221; da_disable_devices=&#8221;off|off|off&#8221; global_colors_info=&#8221;{}&#8221; da_is_popup=&#8221;off&#8221; da_exit_intent=&#8221;off&#8221; da_has_close=&#8221;on&#8221; da_alt_close=&#8221;off&#8221; da_dark_close=&#8221;off&#8221; da_not_modal=&#8221;on&#8221; da_is_singular=&#8221;off&#8221; da_with_loader=&#8221;off&#8221; da_has_shadow=&#8221;on&#8221;][et_pb_row _builder_version=&#8221;4.25.2&#8243; _module_preset=&#8221;default&#8221; global_colors_info=&#8221;{}&#8221;][et_pb_column type=&#8221;4_4&#8243; _builder_version=&#8221;4.25.2&#8243; _module_preset=&#8221;default&#8221; global_colors_info=&#8221;{}&#8221;][et_pb_image src=&#8221;https:\/\/dojodokenkai.com\/wp-content\/uploads\/2024\/06\/Tableau-dhonneur-Doken-Kai-Saison-22-23.png&#8221; title_text=&#8221;Tableau-dhonneur-Doken-Kai-Saison-22-23&#8243; align=&#8221;center&#8221; _builder_version=&#8221;4.25.2&#8243; _module_preset=&#8221;default&#8221; global_colors_info=&#8221;{}&#8221;][\/et_pb_image][\/et_pb_column][\/et_pb_row][\/et_pb_section]<\/p>\n","protected":false},"excerpt":{"rendered":"<p>Le karat\u00e9 au plus haut niveauLe Shotokan est un style de karat\u00e9 traditionnel reconnu mondialement, qui fait parti des quatre styles officiel Olympique.Kata et kumite; Style reconnu par la WKF<\/p>\n","protected":false},"author":1,"featured_media":0,"parent":0,"menu_order":0,"comment_status":"closed","ping_status":"closed","template":"","meta":{"_acf_changed":false,"_et_pb_use_builder":"on","_et_pb_old_content":"","_et_gb_content_width":"","footnotes":""},"class_list":["post-1387","page","type-page","status-publish","hentry"],"acf":[],"yoast_head":"<!-- This site is optimized with the Yoast SEO plugin v27.4 - https:\/\/yoast.com\/product\/yoast-seo-wordpress\/ -->\n<title>Tableau dhonneur - Dojo Doken-Kai<\/title>\n<meta name=\"description\" content=\"L&#039;\u00c9quipe de comp\u00e9tition tient \u00e0 exprimer sa profonde gratitude envers tous nos commanditaires Merci decroire en nous et de contribuer \u00e0 notre succ\u00e8s !\" \/>\n<meta name=\"robots\" content=\"index, follow, max-snippet:-1, max-image-preview:large, max-video-preview:-1\" \/>\n<link rel=\"canonical\" href=\"https:\/\/dojodokenkai.com\/?page_id=1387\" \/>\n<meta property=\"og:locale\" content=\"en_US\" \/>\n<meta property=\"og:type\" content=\"article\" \/>\n<meta property=\"og:title\" content=\"Tableau dhonneur - Dojo Doken-Kai\" \/>\n<meta property=\"og:description\" content=\"L&#039;\u00c9quipe de comp\u00e9tition tient \u00e0 exprimer sa profonde gratitude envers tous nos commanditaires Merci decroire en nous et de contribuer \u00e0 notre succ\u00e8s !\" \/>\n<meta property=\"og:url\" content=\"https:\/\/dojodokenkai.com\/?page_id=1387\" \/>\n<meta property=\"og:site_name\" content=\"Dojo Doken-Kai\" \/>\n<meta property=\"article:publisher\" content=\"https:\/\/business.facebook.com\/dojodokenkai\/\" \/>\n<meta property=\"article:modified_time\" content=\"2024-06-22T13:47:51+00:00\" \/>\n<meta name=\"twitter:card\" content=\"summary_large_image\" \/>\n<meta name=\"twitter:label1\" content=\"Est. reading time\" \/>\n\t<meta name=\"twitter:data1\" content=\"1 minute\" \/>\n<script type=\"application\/ld+json\" class=\"yoast-schema-graph\">{\"@context\":\"https:\\\/\\\/schema.org\",\"@graph\":[{\"@type\":\"WebPage\",\"@id\":\"https:\\\/\\\/dojodokenkai.com\\\/?page_id=1387\",\"url\":\"https:\\\/\\\/dojodokenkai.com\\\/?page_id=1387\",\"name\":\"Tableau dhonneur - Dojo Doken-Kai\",\"isPartOf\":{\"@id\":\"https:\\\/\\\/dojodokenkai.com\\\/#website\"},\"datePublished\":\"2024-06-16T15:47:10+00:00\",\"dateModified\":\"2024-06-22T13:47:51+00:00\",\"description\":\"L'\u00c9quipe de comp\u00e9tition tient \u00e0 exprimer sa profonde gratitude envers tous nos commanditaires Merci decroire en nous et de contribuer \u00e0 notre succ\u00e8s !\",\"breadcrumb\":{\"@id\":\"https:\\\/\\\/dojodokenkai.com\\\/?page_id=1387#breadcrumb\"},\"inLanguage\":\"en-US\",\"potentialAction\":[{\"@type\":\"ReadAction\",\"target\":[\"https:\\\/\\\/dojodokenkai.com\\\/?page_id=1387\"]}]},{\"@type\":\"BreadcrumbList\",\"@id\":\"https:\\\/\\\/dojodokenkai.com\\\/?page_id=1387#breadcrumb\",\"itemListElement\":[{\"@type\":\"ListItem\",\"position\":1,\"name\":\"Home\",\"item\":\"https:\\\/\\\/dojodokenkai.com\\\/\"},{\"@type\":\"ListItem\",\"position\":2,\"name\":\"Tableau dhonneur\"}]},{\"@type\":\"WebSite\",\"@id\":\"https:\\\/\\\/dojodokenkai.com\\\/#website\",\"url\":\"https:\\\/\\\/dojodokenkai.com\\\/\",\"name\":\"Dojo Doken-Kai\",\"description\":\"Karat\u00e9 Shotokan\",\"publisher\":{\"@id\":\"https:\\\/\\\/dojodokenkai.com\\\/#organization\"},\"potentialAction\":[{\"@type\":\"SearchAction\",\"target\":{\"@type\":\"EntryPoint\",\"urlTemplate\":\"https:\\\/\\\/dojodokenkai.com\\\/?s={search_term_string}\"},\"query-input\":{\"@type\":\"PropertyValueSpecification\",\"valueRequired\":true,\"valueName\":\"search_term_string\"}}],\"inLanguage\":\"en-US\"},{\"@type\":\"Organization\",\"@id\":\"https:\\\/\\\/dojodokenkai.com\\\/#organization\",\"name\":\"Dojo Doken-Kai\",\"url\":\"https:\\\/\\\/dojodokenkai.com\\\/\",\"logo\":{\"@type\":\"ImageObject\",\"inLanguage\":\"en-US\",\"@id\":\"https:\\\/\\\/dojodokenkai.com\\\/#\\\/schema\\\/logo\\\/image\\\/\",\"url\":\"https:\\\/\\\/dojodokenkai.com\\\/wp-content\\\/uploads\\\/2019\\\/04\\\/DDK-LOGO.png\",\"contentUrl\":\"https:\\\/\\\/dojodokenkai.com\\\/wp-content\\\/uploads\\\/2019\\\/04\\\/DDK-LOGO.png\",\"width\":2000,\"height\":593,\"caption\":\"Dojo Doken-Kai\"},\"image\":{\"@id\":\"https:\\\/\\\/dojodokenkai.com\\\/#\\\/schema\\\/logo\\\/image\\\/\"},\"sameAs\":[\"https:\\\/\\\/business.facebook.com\\\/dojodokenkai\\\/\",\"https:\\\/\\\/www.instagram.com\\\/dojo_doken_kai\\\/\"]}]}<\/script>\n<!-- \/ Yoast SEO plugin. -->","yoast_head_json":{"title":"Tableau dhonneur - Dojo Doken-Kai","description":"L'\u00c9quipe de comp\u00e9tition tient \u00e0 exprimer sa profonde gratitude envers tous nos commanditaires Merci decroire en nous et de contribuer \u00e0 notre succ\u00e8s !","robots":{"index":"index","follow":"follow","max-snippet":"max-snippet:-1","max-image-preview":"max-image-preview:large","max-video-preview":"max-video-preview:-1"},"canonical":"https:\/\/dojodokenkai.com\/?page_id=1387","og_locale":"en_US","og_type":"article","og_title":"Tableau dhonneur - Dojo Doken-Kai","og_description":"L'\u00c9quipe de comp\u00e9tition tient \u00e0 exprimer sa profonde gratitude envers tous nos commanditaires Merci decroire en nous et de contribuer \u00e0 notre succ\u00e8s !","og_url":"https:\/\/dojodokenkai.com\/?page_id=1387","og_site_name":"Dojo Doken-Kai","article_publisher":"https:\/\/business.facebook.com\/dojodokenkai\/","article_modified_time":"2024-06-22T13:47:51+00:00","twitter_card":"summary_large_image","twitter_misc":{"Est. reading time":"1 minute"},"schema":{"@context":"https:\/\/schema.org","@graph":[{"@type":"WebPage","@id":"https:\/\/dojodokenkai.com\/?page_id=1387","url":"https:\/\/dojodokenkai.com\/?page_id=1387","name":"Tableau dhonneur - Dojo Doken-Kai","isPartOf":{"@id":"https:\/\/dojodokenkai.com\/#website"},"datePublished":"2024-06-16T15:47:10+00:00","dateModified":"2024-06-22T13:47:51+00:00","description":"L'\u00c9quipe de comp\u00e9tition tient \u00e0 exprimer sa profonde gratitude envers tous nos commanditaires Merci decroire en nous et de contribuer \u00e0 notre succ\u00e8s !","breadcrumb":{"@id":"https:\/\/dojodokenkai.com\/?page_id=1387#breadcrumb"},"inLanguage":"en-US","potentialAction":[{"@type":"ReadAction","target":["https:\/\/dojodokenkai.com\/?page_id=1387"]}]},{"@type":"BreadcrumbList","@id":"https:\/\/dojodokenkai.com\/?page_id=1387#breadcrumb","itemListElement":[{"@type":"ListItem","position":1,"name":"Home","item":"https:\/\/dojodokenkai.com\/"},{"@type":"ListItem","position":2,"name":"Tableau dhonneur"}]},{"@type":"WebSite","@id":"https:\/\/dojodokenkai.com\/#website","url":"https:\/\/dojodokenkai.com\/","name":"Dojo Doken-Kai","description":"Karat\u00e9 Shotokan","publisher":{"@id":"https:\/\/dojodokenkai.com\/#organization"},"potentialAction":[{"@type":"SearchAction","target":{"@type":"EntryPoint","urlTemplate":"https:\/\/dojodokenkai.com\/?s={search_term_string}"},"query-input":{"@type":"PropertyValueSpecification","valueRequired":true,"valueName":"search_term_string"}}],"inLanguage":"en-US"},{"@type":"Organization","@id":"https:\/\/dojodokenkai.com\/#organization","name":"Dojo Doken-Kai","url":"https:\/\/dojodokenkai.com\/","logo":{"@type":"ImageObject","inLanguage":"en-US","@id":"https:\/\/dojodokenkai.com\/#\/schema\/logo\/image\/","url":"https:\/\/dojodokenkai.com\/wp-content\/uploads\/2019\/04\/DDK-LOGO.png","contentUrl":"https:\/\/dojodokenkai.com\/wp-content\/uploads\/2019\/04\/DDK-LOGO.png","width":2000,"height":593,"caption":"Dojo Doken-Kai"},"image":{"@id":"https:\/\/dojodokenkai.com\/#\/schema\/logo\/image\/"},"sameAs":["https:\/\/business.facebook.com\/dojodokenkai\/","https:\/\/www.instagram.com\/dojo_doken_kai\/"]}]}},"_links":{"self":[{"href":"https:\/\/dojodokenkai.com\/index.php?rest_route=\/wp\/v2\/pages\/1387","targetHints":{"allow":["GET"]}}],"collection":[{"href":"https:\/\/dojodokenkai.com\/index.php?rest_route=\/wp\/v2\/pages"}],"about":[{"href":"https:\/\/dojodokenkai.com\/index.php?rest_route=\/wp\/v2\/types\/page"}],"author":[{"embeddable":true,"href":"https:\/\/dojodokenkai.com\/index.php?rest_route=\/wp\/v2\/users\/1"}],"replies":[{"embeddable":true,"href":"https:\/\/dojodokenkai.com\/index.php?rest_route=%2Fwp%2Fv2%2Fcomments&post=1387"}],"version-history":[{"count":12,"href":"https:\/\/dojodokenkai.com\/index.php?rest_route=\/wp\/v2\/pages\/1387\/revisions"}],"predecessor-version":[{"id":1479,"href":"https:\/\/dojodokenkai.com\/index.php?rest_route=\/wp\/v2\/pages\/1387\/revisions\/1479"}],"wp:attachment":[{"href":"https:\/\/dojodokenkai.com\/index.php?rest_route=%2Fwp%2Fv2%2Fmedia&parent=1387"}],"curies":[{"name":"wp","href":"https:\/\/api.w.org\/{rel}","templated":true}]}}